{"id":1848,"date":"2016-12-23T08:38:38","date_gmt":"2016-12-23T08:38:38","guid":{"rendered":"http:\/\/www.micontec.de\/nl\/?page_id=1848"},"modified":"2016-12-23T08:39:18","modified_gmt":"2016-12-23T08:39:18","slug":"productie","status":"publish","type":"page","link":"https:\/\/micontec.de\/nl\/productie\/","title":{"rendered":"Productie"},"content":{"rendered":"<p>[av_one_full first min_height=&#8221; vertical_alignment=&#8217;av-align-top&#8217; space=&#8221; custom_margin=&#8217;aviaTBcustom_margin&#8217; margin=&#8217;0px,-50px&#8217; padding=&#8217;0px&#8217; padding_sync=&#8217;true&#8217; border=&#8221; border_color=&#8221; radius=&#8217;0px&#8217; radius_sync=&#8217;true&#8217; background_color=&#8221; src=&#8221; attachment=&#8221; attachment_size=&#8221; background_position=&#8217;top left&#8217; background_repeat=&#8217;no-repeat&#8217; animation=&#8217;bottom-to-top&#8217;]<\/p>\n<p>[av_heading heading=&#8217;Productie&#8217; tag=&#8217;h1&#8242; style=&#8217;blockquote modern-quote&#8217; size=&#8221; subheading_active=&#8221; subheading_size=&#8217;15&#8217; padding=&#8217;0&#8242; color=&#8221; custom_font=&#8221;][\/av_heading]<\/p>\n<p>[av_hr class=&#8217;custom&#8217; height=&#8217;50&#8217; shadow=&#8217;no-shadow&#8217; position=&#8217;left&#8217; custom_border=&#8217;av-border-fat&#8217; custom_width=&#8217;50px&#8217; custom_border_color=&#8217;#efbb20&#8242; custom_margin_top=&#8217;10px&#8217; custom_margin_bottom=&#8217;10px&#8217; icon_select=&#8217;no&#8217; custom_icon_color=&#8221; icon=&#8217;ue808&#8242; font=&#8217;entypo-fontello&#8217;]<\/p>\n<p>[\/av_one_full][av_one_full first min_height=&#8221; vertical_alignment=&#8217;av-align-top&#8217; space=&#8221; margin=&#8217;0px&#8217; margin_sync=&#8217;true&#8217; padding=&#8217;0px&#8217; padding_sync=&#8217;true&#8217; border=&#8221; border_color=&#8221; radius=&#8217;0px&#8217; radius_sync=&#8217;true&#8217; background_color=&#8221; src=&#8221; attachment=&#8221; attachment_size=&#8221; background_position=&#8217;top left&#8217; background_repeat=&#8217;no-repeat&#8217; animation=&#8217;bottom-to-top&#8217;]<br \/>\n[av_textblock size=&#8221; font_color=&#8221; color=&#8221;]<br \/>\nWir fertigen aus nahezu allen zerspanbaren Werkstoffen Einzelteile, Prototypen bis hin zu Klein- und Mittelserien.<\/p>\n<p>Da unser Maschinenpark sowohl aus konventionellen als auch aus modernen CNC-Fertigungsmaschinen besteht, sind wir in der Lage je nach Aufgabenstellung unseren Kunden die f\u00fcr Sie optimale L\u00f6sung in Hinblick auf Qualit\u00e4t und Kosten anzubieten.<\/p>\n<p>An dieser Stelle m\u00f6chten wir Ihnen einen Einblick in unseren Leistungsumfang und unsere verschiedensten Fertigungsm\u00f6glichkeiten geben.<br \/>\nZur Realisierung Ihrer Projekte stehen uns folgende Be- und Verarbeitungsm\u00f6glichkeiten zur Verf\u00fcgung:<br \/>\n[\/av_textblock]<br \/>\n[\/av_one_full]<\/p>\n<p>[av_hr class=&#8217;custom&#8217; height=&#8217;50&#8217; shadow=&#8217;no-shadow&#8217; position=&#8217;left&#8217; custom_border=&#8217;av-border-fat&#8217; custom_width=&#8217;50px&#8217; custom_border_color=&#8217;#efbb20&#8242; custom_margin_top=&#8217;10px&#8217; custom_margin_bottom=&#8217;10px&#8217; icon_select=&#8217;no&#8217; custom_icon_color=&#8221; icon=&#8217;ue808&#8242; font=&#8217;entypo-fontello&#8217;]<\/p>\n<p>[av_three_fifth first min_height=&#8221; vertical_alignment=&#8217;av-align-top&#8217; space=&#8221; margin=&#8217;0px&#8217; margin_sync=&#8217;true&#8217; padding=&#8217;0px&#8217; padding_sync=&#8217;true&#8217; border=&#8221; border_color=&#8221; radius=&#8217;0px&#8217; radius_sync=&#8217;true&#8217; background_color=&#8221; src=&#8221; attachment=&#8221; attachment_size=&#8221; background_position=&#8217;top left&#8217; background_repeat=&#8217;no-repeat&#8217; animation=&#8217;bottom-to-top&#8217;]<br \/>\n[av_textblock size=&#8221; font_color=&#8221; color=&#8221;]<\/p>\n<h2><strong>Drehbearbeitung<\/strong><\/h2>\n<p>[\/av_textblock]<\/p>\n<p>[av_textblock size=&#8221; font_color=&#8221; color=&#8221;]<\/p>\n<ul>\n<li>CNC und konventionell<\/li>\n<li>Durchmesser von 20 bis 500 mm<\/li>\n<li>L\u00e4nge bis 1500 mm<\/li>\n<\/ul>\n<p>[\/av_textblock]<br \/>\n[\/av_three_fifth]<\/p>\n<p>[av_two_fifth min_height=&#8221; vertical_alignment=&#8217;av-align-top&#8217; space=&#8221; margin=&#8217;0px&#8217; margin_sync=&#8217;true&#8217; padding=&#8217;0px&#8217; padding_sync=&#8217;true&#8217; border=&#8221; border_color=&#8221; radius=&#8217;0px&#8217; radius_sync=&#8217;true&#8217; background_color=&#8221; src=&#8221; attachment=&#8221; attachment_size=&#8221; background_position=&#8217;top left&#8217; background_repeat=&#8217;no-repeat&#8217; animation=&#8217;bottom-to-top&#8217;]<br \/>\n[av_gallery ids=&#8217;1824,1821,1818&#8242; style=&#8217;thumbnails&#8217; preview_size=&#8217;portfolio&#8217; crop_big_preview_thumbnail=&#8217;avia-gallery-big-crop-thumb&#8217; thumb_size=&#8217;portfolio&#8217; columns=&#8217;2&#8242; imagelink=&#8217;lightbox&#8217; lazyload=&#8217;avia_lazyload&#8217;]<br \/>\n[\/av_two_fifth]<\/p>\n<p>[av_three_fifth first min_height=&#8221; vertical_alignment=&#8217;av-align-top&#8217; space=&#8221; margin=&#8217;0px&#8217; margin_sync=&#8217;true&#8217; padding=&#8217;0px&#8217; padding_sync=&#8217;true&#8217; border=&#8221; border_color=&#8221; radius=&#8217;0px&#8217; radius_sync=&#8217;true&#8217; background_color=&#8221; src=&#8221; attachment=&#8221; attachment_size=&#8221; background_position=&#8217;top left&#8217; background_repeat=&#8217;no-repeat&#8217; animation=&#8217;bottom-to-top&#8217;]<br \/>\n[av_textblock size=&#8221; font_color=&#8221; color=&#8221;]<\/p>\n<h2><strong>Fr\u00e4sbearbeitung:<\/strong><\/h2>\n<p>[\/av_textblock]<\/p>\n<p>[av_textblock size=&#8221; font_color=&#8221; color=&#8221;]<\/p>\n<ul>\n<li>CNC und konventionell<\/li>\n<li>horizontal und vertikal<\/li>\n<li>mit und ohne 4 Achse<\/li>\n<li>X 800, Y 600, Z 600<\/li>\n<\/ul>\n<p>Bitte fragen Sie\u00a0<a href=\"http:\/\/www.micontec.de\/kontakt\/\">HIER<\/a>\u00a0die Bearbeitung von Sonderma\u00dfen separat an.<\/p>\n<p>Des Weiteren f\u00fchren wir auch Schwei\u00df- und Montagearbeiten bis zu einer gewissen Kapazit\u00e4t in unserem Unternehmen aus.<br \/>\n[\/av_textblock]<br \/>\n[\/av_three_fifth]<\/p>\n<p>[av_hr class=&#8217;custom&#8217; height=&#8217;50&#8217; shadow=&#8217;no-shadow&#8217; position=&#8217;left&#8217; custom_border=&#8217;av-border-fat&#8217; custom_width=&#8217;50px&#8217; custom_border_color=&#8217;#efbb20&#8242; custom_margin_top=&#8217;10px&#8217; custom_margin_bottom=&#8217;10px&#8217; icon_select=&#8217;no&#8217; custom_icon_color=&#8221; icon=&#8217;ue808&#8242; font=&#8217;entypo-fontello&#8217;]<\/p>\n","protected":false},"excerpt":{"rendered":"<p>[av_one_full first min_height=&#8221; vertical_alignment=&#8217;av-align-top&#8217; space=&#8221; custom_margin=&#8217;aviaTBcustom_margin&#8217; margin=&#8217;0px,-50px&#8217; padding=&#8217;0px&#8217; padding_sync=&#8217;true&#8217; border=&#8221; border_color=&#8221; radius=&#8217;0px&#8217; radius_sync=&#8217;true&#8217; background_color=&#8221; src=&#8221; attachment=&#8221; attachment_size=&#8221; background_position=&#8217;top left&#8217; background_repeat=&#8217;no-repeat&#8217; animation=&#8217;bottom-to-top&#8217;] [av_heading heading=&#8217;Productie&#8217; tag=&#8217;h1&#8242; style=&#8217;blockquote modern-quote&#8217; size=&#8221; subheading_active=&#8221; subheading_size=&#8217;15&#8217; padding=&#8217;0&#8242; color=&#8221; custom_font=&#8221;][\/av_heading] [av_hr class=&#8217;custom&#8217; height=&#8217;50&#8217; shadow=&#8217;no-shadow&#8217; position=&#8217;left&#8217; custom_border=&#8217;av-border-fat&#8217; custom_width=&#8217;50px&#8217; custom_border_color=&#8217;#efbb20&#8242; custom_margin_top=&#8217;10px&#8217; custom_margin_bottom=&#8217;10px&#8217; icon_select=&#8217;no&#8217; custom_icon_color=&#8221; icon=&#8217;ue808&#8242; font=&#8217;entypo-fontello&#8217;] [\/av_one_full][av_one_full first min_height=&#8221; vertical_alignment=&#8217;av-align-top&#8217; space=&#8221; margin=&#8217;0px&#8217; margin_sync=&#8217;true&#8217; padding=&#8217;0px&#8217; padding_sync=&#8217;true&#8217; [&hellip;]<\/p>\n","protected":false},"author":1,"featured_media":0,"parent":0,"menu_order":4,"comment_status":"closed","ping_status":"closed","template":"","meta":{"footnotes":""},"class_list":["post-1848","page","type-page","status-publish","hentry"],"yoast_head":"<!-- This site is optimized with the Yoast SEO plugin v27.2 - https:\/\/yoast.com\/product\/yoast-seo-wordpress\/ -->\n<title>Productie - Micontec GmbH<\/title>\n<meta name=\"description\" content=\"Die Micontec GmbH ist ein innovatives und flexibles Unternehmen im Bereich der F\u00f6rder- und Anlagentechnik am Niederrhein in Hamminkeln.\" \/>\n<meta name=\"robots\" content=\"index, follow, max-snippet:-1, max-image-preview:large, max-video-preview:-1\" \/>\n<link rel=\"canonical\" href=\"https:\/\/micontec.de\/nl\/productie\/\" \/>\n<meta property=\"og:locale\" content=\"nl_NL\" \/>\n<meta property=\"og:type\" content=\"article\" \/>\n<meta property=\"og:title\" content=\"Productie - Micontec GmbH\" \/>\n<meta property=\"og:description\" content=\"Die Micontec GmbH ist ein innovatives und flexibles Unternehmen im Bereich der F\u00f6rder- und Anlagentechnik am Niederrhein in Hamminkeln.\" \/>\n<meta property=\"og:url\" content=\"https:\/\/micontec.de\/nl\/productie\/\" \/>\n<meta property=\"og:site_name\" content=\"Micontec GmbH\" \/>\n<meta property=\"article:modified_time\" content=\"2016-12-23T08:39:18+00:00\" \/>\n<meta name=\"twitter:card\" content=\"summary_large_image\" \/>\n<meta name=\"twitter:label1\" content=\"Geschatte leestijd\" \/>\n\t<meta name=\"twitter:data1\" content=\"3 minuten\" \/>\n<script type=\"application\/ld+json\" class=\"yoast-schema-graph\">{\"@context\":\"https:\/\/schema.org\",\"@graph\":[{\"@type\":\"WebPage\",\"@id\":\"https:\/\/micontec.de\/nl\/productie\/\",\"url\":\"https:\/\/micontec.de\/nl\/productie\/\",\"name\":\"Productie - Micontec GmbH\",\"isPartOf\":{\"@id\":\"https:\/\/micontec.de\/nl\/#website\"},\"datePublished\":\"2016-12-23T08:38:38+00:00\",\"dateModified\":\"2016-12-23T08:39:18+00:00\",\"description\":\"Die Micontec GmbH ist ein innovatives und flexibles Unternehmen im Bereich der F\u00f6rder- und Anlagentechnik am Niederrhein in Hamminkeln.\",\"breadcrumb\":{\"@id\":\"https:\/\/micontec.de\/nl\/productie\/#breadcrumb\"},\"inLanguage\":\"nl-NL\",\"potentialAction\":[{\"@type\":\"ReadAction\",\"target\":[\"https:\/\/micontec.de\/nl\/productie\/\"]}]},{\"@type\":\"BreadcrumbList\",\"@id\":\"https:\/\/micontec.de\/nl\/productie\/#breadcrumb\",\"itemListElement\":[{\"@type\":\"ListItem\",\"position\":1,\"name\":\"Home\",\"item\":\"https:\/\/micontec.de\/nl\/\"},{\"@type\":\"ListItem\",\"position\":2,\"name\":\"Productie\"}]},{\"@type\":\"WebSite\",\"@id\":\"https:\/\/micontec.de\/nl\/#website\",\"url\":\"https:\/\/micontec.de\/nl\/\",\"name\":\"Micontec GmbH\",\"description\":\"\",\"potentialAction\":[{\"@type\":\"SearchAction\",\"target\":{\"@type\":\"EntryPoint\",\"urlTemplate\":\"https:\/\/micontec.de\/nl\/?s={search_term_string}\"},\"query-input\":{\"@type\":\"PropertyValueSpecification\",\"valueRequired\":true,\"valueName\":\"search_term_string\"}}],\"inLanguage\":\"nl-NL\"}]}<\/script>\n<!-- \/ Yoast SEO plugin. -->","yoast_head_json":{"title":"Productie - Micontec GmbH","description":"Die Micontec GmbH ist ein innovatives und flexibles Unternehmen im Bereich der F\u00f6rder- und Anlagentechnik am Niederrhein in Hamminkeln.","robots":{"index":"index","follow":"follow","max-snippet":"max-snippet:-1","max-image-preview":"max-image-preview:large","max-video-preview":"max-video-preview:-1"},"canonical":"https:\/\/micontec.de\/nl\/productie\/","og_locale":"nl_NL","og_type":"article","og_title":"Productie - Micontec GmbH","og_description":"Die Micontec GmbH ist ein innovatives und flexibles Unternehmen im Bereich der F\u00f6rder- und Anlagentechnik am Niederrhein in Hamminkeln.","og_url":"https:\/\/micontec.de\/nl\/productie\/","og_site_name":"Micontec GmbH","article_modified_time":"2016-12-23T08:39:18+00:00","twitter_card":"summary_large_image","twitter_misc":{"Geschatte leestijd":"3 minuten"},"schema":{"@context":"https:\/\/schema.org","@graph":[{"@type":"WebPage","@id":"https:\/\/micontec.de\/nl\/productie\/","url":"https:\/\/micontec.de\/nl\/productie\/","name":"Productie - Micontec GmbH","isPartOf":{"@id":"https:\/\/micontec.de\/nl\/#website"},"datePublished":"2016-12-23T08:38:38+00:00","dateModified":"2016-12-23T08:39:18+00:00","description":"Die Micontec GmbH ist ein innovatives und flexibles Unternehmen im Bereich der F\u00f6rder- und Anlagentechnik am Niederrhein in Hamminkeln.","breadcrumb":{"@id":"https:\/\/micontec.de\/nl\/productie\/#breadcrumb"},"inLanguage":"nl-NL","potentialAction":[{"@type":"ReadAction","target":["https:\/\/micontec.de\/nl\/productie\/"]}]},{"@type":"BreadcrumbList","@id":"https:\/\/micontec.de\/nl\/productie\/#breadcrumb","itemListElement":[{"@type":"ListItem","position":1,"name":"Home","item":"https:\/\/micontec.de\/nl\/"},{"@type":"ListItem","position":2,"name":"Productie"}]},{"@type":"WebSite","@id":"https:\/\/micontec.de\/nl\/#website","url":"https:\/\/micontec.de\/nl\/","name":"Micontec GmbH","description":"","potentialAction":[{"@type":"SearchAction","target":{"@type":"EntryPoint","urlTemplate":"https:\/\/micontec.de\/nl\/?s={search_term_string}"},"query-input":{"@type":"PropertyValueSpecification","valueRequired":true,"valueName":"search_term_string"}}],"inLanguage":"nl-NL"}]}},"_links":{"self":[{"href":"https:\/\/micontec.de\/nl\/wp-json\/wp\/v2\/pages\/1848","targetHints":{"allow":["GET"]}}],"collection":[{"href":"https:\/\/micontec.de\/nl\/wp-json\/wp\/v2\/pages"}],"about":[{"href":"https:\/\/micontec.de\/nl\/wp-json\/wp\/v2\/types\/page"}],"author":[{"embeddable":true,"href":"https:\/\/micontec.de\/nl\/wp-json\/wp\/v2\/users\/1"}],"replies":[{"embeddable":true,"href":"https:\/\/micontec.de\/nl\/wp-json\/wp\/v2\/comments?post=1848"}],"version-history":[{"count":2,"href":"https:\/\/micontec.de\/nl\/wp-json\/wp\/v2\/pages\/1848\/revisions"}],"predecessor-version":[{"id":1850,"href":"https:\/\/micontec.de\/nl\/wp-json\/wp\/v2\/pages\/1848\/revisions\/1850"}],"wp:attachment":[{"href":"https:\/\/micontec.de\/nl\/wp-json\/wp\/v2\/media?parent=1848"}],"curies":[{"name":"wp","href":"https:\/\/api.w.org\/{rel}","templated":true}]}}